{"id":67,"date":"2011-01-31T12:41:12","date_gmt":"2011-01-31T12:41:12","guid":{"rendered":"http:\/\/localhost\/ladebacle\/INNODEX-WP\/"},"modified":"2011-01-31T16:29:42","modified_gmt":"2011-01-31T16:29:42","slug":"ultimos-trabajos","status":"publish","type":"page","link":"https:\/\/www.innodex.net\/index.php\/ultimos-trabajos\/","title":{"rendered":"Trabajos realizados"},"content":{"rendered":"<p>Aunque INNODEX es una empresa de reciente creaci\u00f3n, posee un amplio bagaje y experiencia en el campo de la Protecci\u00f3n de la Madera.<\/p>\n<p><strong>Entre las obras realizadas, podemos mencionar como m\u00e1s reprentativas:<\/strong><\/p>\n","protected":false},"excerpt":{"rendered":"<p>Aunque INNODEX es una empresa de reciente creaci\u00f3n, posee un amplio bagaje y experiencia en el campo de la Protecci\u00f3n de la Madera. Entre las obras realizadas, podemos mencionar como m\u00e1s reprentativas:<\/p>\n","protected":false},"author":1,"featured_media":0,"parent":0,"menu_order":0,"comment_status":"closed","ping_status":"closed","template":"","meta":{"footnotes":""},"class_list":["post-67","page","type-page","status-publish","hentry"],"_links":{"self":[{"href":"https:\/\/www.innodex.net\/index.php\/wp-json\/wp\/v2\/pages\/67","targetHints":{"allow":["GET"]}}],"collection":[{"href":"https:\/\/www.innodex.net\/index.php\/wp-json\/wp\/v2\/pages"}],"about":[{"href":"https:\/\/www.innodex.net\/index.php\/wp-json\/wp\/v2\/types\/page"}],"author":[{"embeddable":true,"href":"https:\/\/www.innodex.net\/index.php\/wp-json\/wp\/v2\/users\/1"}],"replies":[{"embeddable":true,"href":"https:\/\/www.innodex.net\/index.php\/wp-json\/wp\/v2\/comments?post=67"}],"version-history":[{"count":4,"href":"https:\/\/www.innodex.net\/index.php\/wp-json\/wp\/v2\/pages\/67\/revisions"}],"predecessor-version":[{"id":74,"href":"https:\/\/www.innodex.net\/index.php\/wp-json\/wp\/v2\/pages\/67\/revisions\/74"}],"wp:attachment":[{"href":"https:\/\/www.innodex.net\/index.php\/wp-json\/wp\/v2\/media?parent=67"}],"curies":[{"name":"wp","href":"https:\/\/api.w.org\/{rel}","templated":true}]}}