{"id":263,"date":"2014-03-13T16:45:10","date_gmt":"2014-03-13T15:45:10","guid":{"rendered":"http:\/\/www.innodex.net\/?page_id=263"},"modified":"2015-11-29T22:26:37","modified_gmt":"2015-11-29T21:26:37","slug":"contacto-4","status":"publish","type":"page","link":"https:\/\/www.innodex.net\/index.php\/contacto-4\/","title":{"rendered":"Contacto"},"content":{"rendered":"<p>Si desea contactar con <strong>INNODEX\u00a0<\/strong>para socilitar informaci\u00f3n o pedir la visita de un t\u00e9cnico, puede utilizar el formulario disponible y un t\u00e9cnico se pondr\u00e1 en contacto a la mayor brevedad para concertar d\u00eda y hora de visita.<\/p>\n<table>\n<tbody>\n<tr>\n<td>\n<ul>\n<li>Geltoki Kalea 9A<\/li>\n<li>48240 \u00b7 <strong>BERRIZ \u00b7 BIZKAIA<\/strong><\/li>\n<li><a href=\"mailto:innodex@innodex.net\">innodex@innodex.net<\/a><\/li>\n<li>Tel: 946 07 66 61 \/ 696 908 339<\/li>\n<\/ul>\n<\/td>\n<td>\n<ul>\n<li>AV. Els mariners n\u00ba1 \u00b7 bloque 2 \u00b7 p14 p77<\/li>\n<li>03570 \u00b7 <strong>VILLAJOYOSA \u00b7 ALICANTE<\/strong><\/li>\n<li><a href=\"mailto:innodex@innodex.net\">innodex@innodex.net<\/a><\/li>\n<li>Tel\/Fax: 966 80 91 23 \/ 640 29 38 32<\/li>\n<\/ul>\n<\/td>\n<\/tr>\n<\/tbody>\n<\/table>\n","protected":false},"excerpt":{"rendered":"<p>Si desea contactar con INNODEX\u00a0para socilitar informaci\u00f3n o pedir la visita de un t\u00e9cnico, puede utilizar el formulario disponible y un t\u00e9cnico se pondr\u00e1 en contacto a la mayor brevedad para concertar d\u00eda y hora de visita. Geltoki Kalea 9A 48240 \u00b7 BERRIZ \u00b7 BIZKAIA innodex@innodex.net Tel: 946 07 66 61 \/ 696 908 339 [&hellip;]<\/p>\n","protected":false},"author":1,"featured_media":0,"parent":0,"menu_order":0,"comment_status":"closed","ping_status":"closed","template":"","meta":{"footnotes":""},"class_list":["post-263","page","type-page","status-publish","hentry"],"_links":{"self":[{"href":"https:\/\/www.innodex.net\/index.php\/wp-json\/wp\/v2\/pages\/263","targetHints":{"allow":["GET"]}}],"collection":[{"href":"https:\/\/www.innodex.net\/index.php\/wp-json\/wp\/v2\/pages"}],"about":[{"href":"https:\/\/www.innodex.net\/index.php\/wp-json\/wp\/v2\/types\/page"}],"author":[{"embeddable":true,"href":"https:\/\/www.innodex.net\/index.php\/wp-json\/wp\/v2\/users\/1"}],"replies":[{"embeddable":true,"href":"https:\/\/www.innodex.net\/index.php\/wp-json\/wp\/v2\/comments?post=263"}],"version-history":[{"count":9,"href":"https:\/\/www.innodex.net\/index.php\/wp-json\/wp\/v2\/pages\/263\/revisions"}],"predecessor-version":[{"id":290,"href":"https:\/\/www.innodex.net\/index.php\/wp-json\/wp\/v2\/pages\/263\/revisions\/290"}],"wp:attachment":[{"href":"https:\/\/www.innodex.net\/index.php\/wp-json\/wp\/v2\/media?parent=263"}],"curies":[{"name":"wp","href":"https:\/\/api.w.org\/{rel}","templated":true}]}}