{"id":26,"date":"2011-01-31T11:17:12","date_gmt":"2011-01-31T11:17:12","guid":{"rendered":"http:\/\/localhost\/ladebacle\/INNODEX-WP\/"},"modified":"2011-03-28T09:17:18","modified_gmt":"2011-03-28T09:17:18","slug":"calidad-y-medio-ambiente","status":"publish","type":"page","link":"https:\/\/www.innodex.net\/index.php\/calidad-y-medio-ambiente\/","title":{"rendered":"Calidad y medio ambiente"},"content":{"rendered":"<p>El control racional de los agentes destructores de la madera\u00a0 de manera sistem\u00e1tica\u00a0 y\u00a0 desde un enfoque integrado y global contribuye a la sostenibilidad en el empleo de los recursos y en minimizar el riesgo para persona y animales, as\u00ed como a reducir la agresi\u00f3n al medio ambiente.<\/p>\n<p>A la vez protegiendo la madera y garantizando su conservaci\u00f3n, estamos optimizando el aprovechamiento de un recurso natural propio y que es escaso.<\/p>\n<p>Finalmente a\u00f1adir el beneficio cultural derivado de la conservaci\u00f3n de nuestra riqueza patrimonial, \u00fanica y de valor incalculable.<\/p>\n","protected":false},"excerpt":{"rendered":"<p>El control racional de los agentes destructores de la madera\u00a0 de manera sistem\u00e1tica\u00a0 y\u00a0 desde un enfoque integrado y global contribuye a la sostenibilidad en el empleo de los recursos y en minimizar el riesgo para persona y animales, as\u00ed como a reducir la agresi\u00f3n al medio ambiente. A la vez protegiendo la madera y [&hellip;]<\/p>\n","protected":false},"author":1,"featured_media":0,"parent":0,"menu_order":0,"comment_status":"closed","ping_status":"closed","template":"","meta":{"footnotes":""},"class_list":["post-26","page","type-page","status-publish","hentry"],"_links":{"self":[{"href":"https:\/\/www.innodex.net\/index.php\/wp-json\/wp\/v2\/pages\/26","targetHints":{"allow":["GET"]}}],"collection":[{"href":"https:\/\/www.innodex.net\/index.php\/wp-json\/wp\/v2\/pages"}],"about":[{"href":"https:\/\/www.innodex.net\/index.php\/wp-json\/wp\/v2\/types\/page"}],"author":[{"embeddable":true,"href":"https:\/\/www.innodex.net\/index.php\/wp-json\/wp\/v2\/users\/1"}],"replies":[{"embeddable":true,"href":"https:\/\/www.innodex.net\/index.php\/wp-json\/wp\/v2\/comments?post=26"}],"version-history":[{"count":3,"href":"https:\/\/www.innodex.net\/index.php\/wp-json\/wp\/v2\/pages\/26\/revisions"}],"predecessor-version":[{"id":237,"href":"https:\/\/www.innodex.net\/index.php\/wp-json\/wp\/v2\/pages\/26\/revisions\/237"}],"wp:attachment":[{"href":"https:\/\/www.innodex.net\/index.php\/wp-json\/wp\/v2\/media?parent=26"}],"curies":[{"name":"wp","href":"https:\/\/api.w.org\/{rel}","templated":true}]}}