{"id":22,"date":"2011-01-31T11:15:59","date_gmt":"2011-01-31T11:15:59","guid":{"rendered":"http:\/\/localhost\/ladebacle\/INNODEX-WP\/"},"modified":"2011-03-30T10:42:21","modified_gmt":"2011-03-30T10:42:21","slug":"innovacion-y-tecnologia","status":"publish","type":"page","link":"https:\/\/www.innodex.net\/index.php\/innovacion-y-tecnologia\/","title":{"rendered":"Innovaci\u00f3n y tecnolog\u00eda"},"content":{"rendered":"<blockquote><p>NUESTRA TECNOLOGIA A SU SERVICIO<\/p><\/blockquote>\n<p>Aplicamos los \u00faltimos avances tecnol\u00f3gicos en diagn\u00f3stico a diferentes niveles:<\/p>\n<h3>Determinaci\u00f3n de zonas de riesgo<\/h3>\n<div id=\"attachment_174\" style=\"width: 171px\" class=\"wp-caption alignleft\"><a href=\"http:\/\/www.innodex.net\/wp-content\/uploads\/2011\/02\/camara-inspeccion.jpg\"><img loading=\"lazy\" decoding=\"async\" aria-describedby=\"caption-attachment-174\" class=\"size-medium wp-image-174  \" title=\"camara-inspeccion\" src=\"http:\/\/www.innodex.net\/wp-content\/uploads\/2011\/02\/camara-inspeccion-161x300.jpg\" alt=\"\" width=\"161\" height=\"300\" srcset=\"https:\/\/www.innodex.net\/wp-content\/uploads\/2011\/02\/camara-inspeccion-161x300.jpg 161w, https:\/\/www.innodex.net\/wp-content\/uploads\/2011\/02\/camara-inspeccion-20x38.jpg 20w, https:\/\/www.innodex.net\/wp-content\/uploads\/2011\/02\/camara-inspeccion.jpg 250w\" sizes=\"auto, (max-width: 161px) 100vw, 161px\" \/><\/a><p id=\"caption-attachment-174\" class=\"wp-caption-text\">C\u00e1mara de inspecci\u00f3n<\/p><\/div>\n<div id=\"attachment_175\" style=\"width: 132px\" class=\"wp-caption alignright\"><a href=\"http:\/\/www.innodex.net\/wp-content\/uploads\/2011\/02\/medidor-temperatura-humedad.jpg\"><img loading=\"lazy\" decoding=\"async\" aria-describedby=\"caption-attachment-175\" class=\"size-full wp-image-175  \" title=\"medidor-temperatura-humedad\" src=\"http:\/\/www.innodex.net\/wp-content\/uploads\/2011\/02\/medidor-temperatura-humedad.jpg\" alt=\"\" width=\"122\" height=\"191\" srcset=\"https:\/\/www.innodex.net\/wp-content\/uploads\/2011\/02\/medidor-temperatura-humedad.jpg 122w, https:\/\/www.innodex.net\/wp-content\/uploads\/2011\/02\/medidor-temperatura-humedad-24x38.jpg 24w\" sizes=\"auto, (max-width: 122px) 100vw, 122px\" \/><\/a><p id=\"caption-attachment-175\" class=\"wp-caption-text\">Medidor de temperatura y humedad<\/p><\/div>\n<p>Mediante inspecci\u00f3n visual realizada por un experto, o a trav\u00e9s de una c\u00e1mara dotada de visi\u00f3n interna a trav\u00e9s de fibra \u00f3ptica.<\/p>\n<ul>\n<li><strong>An\u00e1lisis termogr\u00e1fico<\/strong> de edificios, Consiste en realizar la revisi\u00f3n de los muros exteriores e interiores del edificio con el fin de determinar los gradientes de temperatura y poder localizar los focos de humedad de la vivienda. Para ello, se emplear\u00e1 una <strong>c\u00e1mara termogr\u00e1fica<\/strong>. A partir de la identificaci\u00f3n de las zonas h\u00famedas, se determinar\u00e1n los or\u00edgenes y las causas que las producen (ascendentes por capilaridad, condensaciones, infiltraciones de fachadas y tejados, fugas de conducciones, etc.), con el fin de proponer la soluci\u00f3n adecuada.<\/li>\n<li><strong>Medici\u00f3n de la humedad relativa de la madera<\/strong>. Se realiza empleando el <strong>Xilohigr\u00f3metro<\/strong>, aparato que mide la resistencia que ofrece la madera al paso de la corriente el\u00e9ctrica. Esta resistencia es funci\u00f3n del contenido de humedad. Los valores recogidos son exactos entre el 6% y el 30%.<\/li>\n<li><strong>Condiciones ambientales<\/strong>. La medici\u00f3n y registro de la humedad y temperatura ambiente durante un per\u00edodo determinado de tiempo, nos permite conocer, a trav\u00e9s del diagrama psicrom\u00e9trico la humedad de equilibrio que le corresponde a la madera en esa localizaci\u00f3n. De esta manera sabremos si las condiciones de puesta en obra son las adecuadas para la conservaci\u00f3n de la madera y si es necesario actuar sobre el entorno para protegerla (dise\u00f1o constructivo, medidas f\u00edsicas, aislamientos, etc:).<\/li>\n<\/ul>\n<h3>Determinaci\u00f3n de actividad<\/h3>\n<ul>\n<li>Observaci\u00f3n previa de signos reveladores de las patolog\u00edas que se derivan del conocimiento de las particularidades biol\u00f3gicas de la plaga.<\/li>\n<li>Empleando detectores espec\u00edficos de actividad, captando, amplificando y analizando los sonidos producidos por los insectos. O bien, registrando las interferencias producidas por el paso de los insectos en ondas unidireccionales.<\/li>\n<\/ul>\n<h3>Determinaci\u00f3n del estado estructural<\/h3>\n<ul>\n<li><strong>M\u00e9todos destructivos<\/strong>: Como el punzonamiento, el taladrado y la extracci\u00f3n de muestras del interior de las piezas mediante barrenas Pressler.<\/li>\n<li><strong>M\u00e9todos semi-destructivos<\/strong>: Miden y registran la resistencia de la pieza de madera a la perforaci\u00f3n con una broca, acoplada a un dinam\u00f3metro. Se emplea el Resist\u00f3grafo.<\/li>\n<li><strong>M\u00e9todos no destructivos<\/strong>: Son los m\u00e1s solicitados. Se emplean <strong>ondas electromagn\u00e9ticas<\/strong> de diferentes frecuencias y por lo tanto, diferente poder de penetraci\u00f3n. Los aparatos m\u00e1s empleados se basan en la aplicaci\u00f3n de <strong>ultrasonidos<\/strong> y <strong>microondas<\/strong>.<\/li>\n<\/ul>\n<div id=\"attachment_198\" style=\"width: 282px\" class=\"wp-caption alignleft\"><a href=\"http:\/\/www.innodex.net\/wp-content\/uploads\/2011\/01\/esquema-electromagentismo.jpg\"><img loading=\"lazy\" decoding=\"async\" aria-describedby=\"caption-attachment-198\" class=\"size-medium wp-image-198   \" title=\"esquema-electromagentismo\" src=\"http:\/\/www.innodex.net\/wp-content\/uploads\/2011\/01\/esquema-electromagentismo-272x300.jpg\" alt=\"\" width=\"272\" height=\"300\" srcset=\"https:\/\/www.innodex.net\/wp-content\/uploads\/2011\/01\/esquema-electromagentismo-272x300.jpg 272w, https:\/\/www.innodex.net\/wp-content\/uploads\/2011\/01\/esquema-electromagentismo-34x38.jpg 34w, https:\/\/www.innodex.net\/wp-content\/uploads\/2011\/01\/esquema-electromagentismo.jpg 486w\" sizes=\"auto, (max-width: 272px) 100vw, 272px\" \/><\/a><p id=\"caption-attachment-198\" class=\"wp-caption-text\">Esquema de un sistema de ondas electromagn\u00e9ticas para la determinaci\u00f3n de huecos internos.<\/p><\/div>\n<div id=\"attachment_199\" style=\"width: 310px\" class=\"wp-caption alignleft\"><a href=\"http:\/\/www.innodex.net\/wp-content\/uploads\/2011\/01\/registro-danado.jpg\"><img loading=\"lazy\" decoding=\"async\" aria-describedby=\"caption-attachment-199\" class=\"size-medium wp-image-199  \" title=\"registro-danado\" src=\"http:\/\/www.innodex.net\/wp-content\/uploads\/2011\/01\/registro-danado-300x92.jpg\" alt=\"\" width=\"300\" height=\"92\" srcset=\"https:\/\/www.innodex.net\/wp-content\/uploads\/2011\/01\/registro-danado-300x92.jpg 300w, https:\/\/www.innodex.net\/wp-content\/uploads\/2011\/01\/registro-danado-100x30.jpg 100w, https:\/\/www.innodex.net\/wp-content\/uploads\/2011\/01\/registro-danado.jpg 600w\" sizes=\"auto, (max-width: 300px) 100vw, 300px\" \/><\/a><p id=\"caption-attachment-199\" class=\"wp-caption-text\">Registrograma de una pieza da\u00f1ada por organismos xil\u00f3fagos<\/p><\/div>\n<div id=\"attachment_200\" style=\"width: 310px\" class=\"wp-caption alignleft\"><a href=\"http:\/\/www.innodex.net\/wp-content\/uploads\/2011\/01\/registro-sana.jpg\"><img loading=\"lazy\" decoding=\"async\" aria-describedby=\"caption-attachment-200\" class=\"size-medium wp-image-200  \" title=\"registro-sana\" src=\"http:\/\/www.innodex.net\/wp-content\/uploads\/2011\/01\/registro-sana-300x92.jpg\" alt=\"\" width=\"300\" height=\"92\" srcset=\"https:\/\/www.innodex.net\/wp-content\/uploads\/2011\/01\/registro-sana-300x92.jpg 300w, https:\/\/www.innodex.net\/wp-content\/uploads\/2011\/01\/registro-sana-100x30.jpg 100w, https:\/\/www.innodex.net\/wp-content\/uploads\/2011\/01\/registro-sana.jpg 600w\" sizes=\"auto, (max-width: 300px) 100vw, 300px\" \/><\/a><p id=\"caption-attachment-200\" class=\"wp-caption-text\">Registrograma de una pieza sana<\/p><\/div>\n","protected":false},"excerpt":{"rendered":"<p>NUESTRA TECNOLOGIA A SU SERVICIO Aplicamos los \u00faltimos avances tecnol\u00f3gicos en diagn\u00f3stico a diferentes niveles: Determinaci\u00f3n de zonas de riesgo Mediante inspecci\u00f3n visual realizada por un experto, o a trav\u00e9s de una c\u00e1mara dotada de visi\u00f3n interna a trav\u00e9s de fibra \u00f3ptica. An\u00e1lisis termogr\u00e1fico de edificios, Consiste en realizar la revisi\u00f3n de los muros exteriores [&hellip;]<\/p>\n","protected":false},"author":1,"featured_media":0,"parent":0,"menu_order":0,"comment_status":"closed","ping_status":"closed","template":"","meta":{"footnotes":""},"class_list":["post-22","page","type-page","status-publish","hentry"],"_links":{"self":[{"href":"https:\/\/www.innodex.net\/index.php\/wp-json\/wp\/v2\/pages\/22","targetHints":{"allow":["GET"]}}],"collection":[{"href":"https:\/\/www.innodex.net\/index.php\/wp-json\/wp\/v2\/pages"}],"about":[{"href":"https:\/\/www.innodex.net\/index.php\/wp-json\/wp\/v2\/types\/page"}],"author":[{"embeddable":true,"href":"https:\/\/www.innodex.net\/index.php\/wp-json\/wp\/v2\/users\/1"}],"replies":[{"embeddable":true,"href":"https:\/\/www.innodex.net\/index.php\/wp-json\/wp\/v2\/comments?post=22"}],"version-history":[{"count":57,"href":"https:\/\/www.innodex.net\/index.php\/wp-json\/wp\/v2\/pages\/22\/revisions"}],"predecessor-version":[{"id":241,"href":"https:\/\/www.innodex.net\/index.php\/wp-json\/wp\/v2\/pages\/22\/revisions\/241"}],"wp:attachment":[{"href":"https:\/\/www.innodex.net\/index.php\/wp-json\/wp\/v2\/media?parent=22"}],"curies":[{"name":"wp","href":"https:\/\/api.w.org\/{rel}","templated":true}]}}