{"id":10,"date":"2011-01-31T09:47:23","date_gmt":"2011-01-31T09:47:23","guid":{"rendered":"http:\/\/localhost\/ladebacle\/INNODEX-WP\/"},"modified":"2015-11-11T13:21:42","modified_gmt":"2015-11-11T12:21:42","slug":"innodex-2","status":"publish","type":"page","link":"https:\/\/www.innodex.net\/index.php\/innodex-2\/","title":{"rendered":"Innodex"},"content":{"rendered":"<p>INNODEX es una empresa tecnol\u00f3gica, dedicada al estudio, diagn\u00f3stico y resoluci\u00f3n de problemas de la madera, orientada espec\u00edficamente al control de las patolog\u00edas originadas por organismos xil\u00f3fagos (termitas, carcomas y hongos de pudrici\u00f3n).<\/p>\n<p>Para llevar a cabo esta labor, INNODEX\u00a0 pone a disposici\u00f3n del cliente la \u00faltima generaci\u00f3n de sistemas de an\u00e1lisis y aparatos en tecnolog\u00eda no destructiva. El diagn\u00f3stico preciso y la detecci\u00f3n precoz de los organismos xil\u00f3fagos, especialmente de las termitas, resulta crucial a la hora de plantear un programa de control eficaz.<\/p>\n<p>Los da\u00f1os producidos por las termitas en las viviendas, n\u00facleos de poblaci\u00f3n y en bienes de inter\u00e9s cultural y patrimonial, son incalculables. Y las soluciones dif\u00edciles y complejas.<\/p>\n<h3>D\u00f3nde estamos<\/h3>\n<p>Innodex cuenta con 2 delegaciones para dar cobertura en toda la peninsula.<\/p>\n<p>En la localidad Bizkaina de Berriz.<\/p>\n<p>En la localidad Alicantina de Villajoyosa.<\/p>\n<p>El \u00e1mbito de actuaci\u00f3n cubre todo el territorio nacional.<\/p>\n<p>&nbsp;<\/p>\n<blockquote><p>All\u00ed donde aparezca una termita, no estaremos lejos.<\/p><\/blockquote>\n<h3>\u00bfQu\u00e9 tratamos?<\/h3>\n<div class=\"innodex-banner\"><img decoding=\"async\" src=\"http:\/\/www.innodex.net\/wp-content\/uploads\/2011\/02\/termita-banner.jpg\" alt=\"TERMITAS\" \/><\/p>\n<h4>TERMITAS<\/h4>\n<\/div>\n<div class=\"innodex-banner\"><img decoding=\"async\" src=\"http:\/\/www.innodex.net\/wp-content\/uploads\/2011\/02\/carcoma-grande-banner.jpg\" alt=\"CARCOMA GRANDE\" \/><\/p>\n<h4>CARCOMA GRANDE<span>Ceramb\u00edcidos<\/span><\/h4>\n<\/div>\n<div class=\"innodex-banner\"><img decoding=\"async\" src=\"http:\/\/www.innodex.net\/wp-content\/uploads\/2011\/02\/carcoma-pequena-banner.jpg\" alt=\"CARCOMA PEQUE\u00d1A\" \/><\/p>\n<h4>CARCOMA PEQUE\u00d1A<span>An\u00f3bidos<\/span><\/h4>\n<\/div>\n<div class=\"innodex-banner\"><img decoding=\"async\" src=\"http:\/\/www.innodex.net\/wp-content\/uploads\/2011\/02\/hongo-banner.jpg\" alt=\"HONGOS\" \/><\/p>\n<h4>HONGOS<\/h4>\n<\/div>\n","protected":false},"excerpt":{"rendered":"<p>INNODEX es una empresa tecnol\u00f3gica, dedicada al estudio, diagn\u00f3stico y resoluci\u00f3n de problemas de la madera, orientada espec\u00edficamente al control de las patolog\u00edas originadas por organismos xil\u00f3fagos (termitas, carcomas y hongos de pudrici\u00f3n). Para llevar a cabo esta labor, INNODEX\u00a0 pone a disposici\u00f3n del cliente la \u00faltima generaci\u00f3n de sistemas de an\u00e1lisis y aparatos en [&hellip;]<\/p>\n","protected":false},"author":1,"featured_media":0,"parent":0,"menu_order":0,"comment_status":"closed","ping_status":"closed","template":"","meta":{"footnotes":""},"class_list":["post-10","page","type-page","status-publish","hentry"],"_links":{"self":[{"href":"https:\/\/www.innodex.net\/index.php\/wp-json\/wp\/v2\/pages\/10","targetHints":{"allow":["GET"]}}],"collection":[{"href":"https:\/\/www.innodex.net\/index.php\/wp-json\/wp\/v2\/pages"}],"about":[{"href":"https:\/\/www.innodex.net\/index.php\/wp-json\/wp\/v2\/types\/page"}],"author":[{"embeddable":true,"href":"https:\/\/www.innodex.net\/index.php\/wp-json\/wp\/v2\/users\/1"}],"replies":[{"embeddable":true,"href":"https:\/\/www.innodex.net\/index.php\/wp-json\/wp\/v2\/comments?post=10"}],"version-history":[{"count":41,"href":"https:\/\/www.innodex.net\/index.php\/wp-json\/wp\/v2\/pages\/10\/revisions"}],"predecessor-version":[{"id":15,"href":"https:\/\/www.innodex.net\/index.php\/wp-json\/wp\/v2\/pages\/10\/revisions\/15"}],"wp:attachment":[{"href":"https:\/\/www.innodex.net\/index.php\/wp-json\/wp\/v2\/media?parent=10"}],"curies":[{"name":"wp","href":"https:\/\/api.w.org\/{rel}","templated":true}]}}